{"id":19,"date":"2022-05-02T05:37:37","date_gmt":"2022-05-02T05:37:37","guid":{"rendered":"https:\/\/suprino.ch\/?page_id=19"},"modified":"2022-07-14T11:15:15","modified_gmt":"2022-07-14T11:15:15","slug":"allgemeine-geschaftsbedingungen","status":"publish","type":"page","link":"https:\/\/suprino.ch\/index.php\/allgemeine-geschaftsbedingungen\/","title":{"rendered":"Allgemeine Gesch\u00e4ftsbedingungen"},"content":{"rendered":"\n<p><strong>Allgemeine Gesch\u00e4ftsbedingungen&nbsp; (AGB) &nbsp;&nbsp;&nbsp;&nbsp;&nbsp;&nbsp;&nbsp;&nbsp;&nbsp;&nbsp;&nbsp;&nbsp;&nbsp;&nbsp;&nbsp;&nbsp;&nbsp;&nbsp;&nbsp;&nbsp;&nbsp;&nbsp;&nbsp;&nbsp;&nbsp;&nbsp;&nbsp;&nbsp;&nbsp;&nbsp;&nbsp;&nbsp;&nbsp;&nbsp;&nbsp;&nbsp;&nbsp;&nbsp;&nbsp;&nbsp;&nbsp;&nbsp;&nbsp;&nbsp; &nbsp;&nbsp;&nbsp;&nbsp;&nbsp;&nbsp;&nbsp;&nbsp;&nbsp;&nbsp;&nbsp;&nbsp;&nbsp;&nbsp;&nbsp;&nbsp;&nbsp;&nbsp;&nbsp;&nbsp;&nbsp;&nbsp;&nbsp;&nbsp;&nbsp;&nbsp;&nbsp;&nbsp;&nbsp;&nbsp;&nbsp;&nbsp;&nbsp;&nbsp;&nbsp;<\/strong>Fassung Januar 2021<\/p>\n\n\n\n<ol type=\"1\"><li><strong>Vertragsgegenstand<br><\/strong>Die Suprino GmbH verkauft Lebensmittel und andere G\u00fcter (frisch, gek\u00fchlt oder tiefgek\u00fchlt) zu den nachstehenden Allgemeinen Gesch\u00e4ftsbedingungen (nachstehend AGB).<br><br><\/li><li><strong>Einkauf und Freigabe<\/strong><\/li><\/ol>\n\n\n\n<p>Die Suprino GmbH bestellt und kauft Waren mit Zahlungskondition von 30 Tage nach Freigabe durch die Qualit\u00e4tssicherung der Suprino GmbH , welche sp\u00e4testens 7 Tage nach Anlieferung erfolgt, ein. Bis zu diesem Zeitpunkt gilt die Ware nur als provisorisch empfangen. In jedem Fall beh\u00e4lt sich die Suprino GmbH das Recht vor, sp\u00e4tere entdeckte M\u00e4ngel zu reklamieren, Ware zu retournieren und die verursachten Kosten in Rechnung zu stellen. Dies beinhaltet auch Folgesch\u00e4den von Dritten.<\/p>\n\n\n\n<ul><li><strong>Rezepturen<\/strong><\/li><\/ul>\n\n\n\n<p>Die Rezepturen und Produktionsparameter sind Eigentum der Suprino GmbH.<\/p>\n\n\n\n<p>Dies gilt auch bei kundenspezifischen Produkten, welche unter der Eigenmarke des K\u00e4ufers verkauft werden. Es kann zwischen den Vertragspartnern vereinbart werden, dass die entsprechenden Rezepturen oder Produkte exklusiv f\u00fcr einen K\u00e4ufer hergestellt werden. Werden die entsprechenden Produkte nicht mehr produziert, bleibt die Rezeptur im Besitz der Suprino GmbH.<\/p>\n\n\n\n<ul><li><strong>Offerten<\/strong><\/li><\/ul>\n\n\n\n<p>Offerten sind stets freibleibend, sofern nichts anderes auf der Offerte vermerkt ist. Werden die bemusterten und offerierten Produkte den konkreten Bed\u00fcrfnissen angepasst, versteht sich der offerierte Preis als Richtpreis und muss von der Suprino GmbH nochmals best\u00e4tigt werden.<\/p>\n\n\n\n<ul><li><strong>Preise und Konditionen<\/strong><\/li><\/ul>\n\n\n\n<p>Alle Preise verstehen sich netto in Schweizer Franken (CHF), exkl. Mehrwertsteuern, ohne irgendwelche Abz\u00fcge. Die schriftlich best\u00e4tigten Verkaufspreise und Verkaufskonditionen f\u00fcr Produkte gelten bis auf Widerruf durch die Suprino GmbH. Bei Produkten aus dem Suprino GmbH Standardsortiment k\u00f6nnen die Preise durch die Suprino GmbH\u00a0jederzeit angepasst werden.<\/p>\n\n\n\n<ul><li><strong>Lieferungsbedingungen<\/strong><\/li><\/ul>\n\n\n\n<p>Lieferungen erfolgen ab einem Warenwert von CHF 600.- netto franko Domizil. Wird der Warenwert nicht erreicht, kann die Suprino GmbH einen Transportzuschlag von CHF 50.- netto\/Lieferung verrechnen. Die Produkte k\u00f6nnen vom K\u00e4ufer auch bei der Suprino GmbH abgeholt werden, sofern dies vorg\u00e4ngig vereinbart wurde.<\/p>\n\n\n\n<p>Bei Lieferungen, welche auf EUR-Paletten erfolgen, verpflichtet sich der K\u00e4ufer, im Austauschverfahren dieselbe Anzahl an einwandfreien Paletten zur\u00fcck zu geben. Andernfalls erfolgt die Verrechnung der ausstehenden Paletten.&nbsp;&nbsp;<\/p>\n\n\n\n<ul><li><strong>Pr\u00fcfung und Beanstandung der gelieferten Produkte<\/strong><\/li><\/ul>\n\n\n\n<p>Die Waren der Suprino GmbH werden nach den branchen\u00fcblichen Normen gepr\u00fcft und richten sich nach den Richtlinien der GHP.<\/p>\n\n\n\n<p>Produktem\u00e4ngel m\u00fcssen schriftlich innert 5 Tagen, Mengen-Beanstandungen sofort nach Erhalt der Waren schriftlich angezeigt werden.<\/p>\n\n\n\n<p>Die Suprino GmbH \u00fcbernimmt bei rechtzeitig ger\u00fcgten und berechtigten M\u00e4ngeln die Gew\u00e4hrleistung durch Korrektur oder Neuanfertigung von einwandfreien Produkten bis zum urspr\u00fcnglichen Auftragswert (Nachbesserung). Die Geltendmachung der Wandelung und Minderung ist somit ausgeschlossen. Eine Haftung f\u00fcr Folgesch\u00e4den wird unter dem Vorbehalt der zwingenden Bestimmungen des Produktehaftpflichtgesetzes ausdr\u00fccklich wegbedungen.<\/p>\n\n\n\n<ul><li><strong>Eigentumsvorbehalt<\/strong><\/li><\/ul>\n\n\n\n<p>Die gelieferte Ware bleibt bis zur vollst\u00e4ndigen Bezahlung Eigentum der Suprino GmbH. Der K\u00e4ufer erm\u00e4chtigt die Suprino GmbH einen entsprechenden Eigentumsvorbehalt f\u00fcr die laut angenommener Auftragsbest\u00e4tigung gelieferte Ware im Eigentums-Vorbehalts Register eintragen zu lassen.<\/p>\n\n\n\n<ul><li><strong>Zahlungsbedingungen<\/strong><\/li><\/ul>\n\n\n\n<p>Die Zahlung erfolgt netto innerhalb von 20 Tagen ab dem auf der Rechnung genannten Datum. Ab eingetretener F\u00e4lligkeit ger\u00e4t der Kunde ohne vorangehende Mahnung in Verzug und die Suprino GmbH kann einen \u00fcblichen Verzugszins, Mahnspesen (pro Mahnung Fr. 50.&#8211;) und Bearbeitungskosten (2. Mahnung Fr. 50.&#8211;, 3. Mahnung Fr. 100.&#8211;, jede weitere Korrespondenz Fr. 100.&#8211;)  oder sonstige Kosten und Aufw\u00e4nde einfordern. <\/p>\n\n\n\n<ol type=\"1\"><li><strong>Gerichtsstand<\/strong><\/li><\/ol>\n\n\n\n<p>Gerichtsstand ist CH-8853 Lachen. Die Suprino GmbH kann den Kunden aber auch an seinem Gesch\u00e4ftssitz\/Wohnsitz belangen.&nbsp;<\/p>\n\n\n\n<ol type=\"1\"><li><strong>Schlussbestimmungen<\/strong><\/li><\/ol>\n\n\n\n<p>Beim Verkauf der Waren gelten ausschliesslich die AGB in ihrer zum Zeitpunkt des jeweiligen Vertragsabschlusses g\u00fcltigen Fassung. Sollten einzelne Bestimmungen unwirksam sein oder unwirksam werden, ber\u00fchrt das die Rechtswirksamkeit der \u00fcbrigen Bestimmungen dieser AGB nicht. Im \u00dcbrigen beh\u00e4lt sich die Suprino GmbH jederzeit \u00c4nderungen dieser AGB vor.<\/p>\n\n\n\n<ol type=\"1\"><li><strong>Anwendbares Recht<\/strong><\/li><\/ol>\n\n\n\n<p>Es ist schweizerisches Recht anwendbar. F\u00fcr die Geltung und den Umfang des Eigentumsvorbehaltes f\u00fcr die zur Ausfuhr&nbsp; bestimmten Waren gilt das Recht des Bestimmungsstaates.<\/p>\n","protected":false},"excerpt":{"rendered":"<p>Allgemeine Gesch\u00e4ftsbedingungen&nbsp; (AGB) &nbsp;&nbsp;&nbsp;&nbsp;&nbsp;&nbsp;&nbsp;&nbsp;&nbsp;&nbsp;&nbsp;&nbsp;&nbsp;&nbsp;&nbsp;&nbsp;&nbsp;&nbsp;&nbsp;&nbsp;&nbsp;&nbsp;&nbsp;&nbsp;&nbsp;&nbsp;&nbsp;&nbsp;&nbsp;&nbsp;&nbsp;&nbsp;&nbsp;&nbsp;&nbsp;&nbsp;&nbsp;&nbsp;&nbsp;&nbsp;&nbsp;&nbsp;&nbsp;&nbsp; &nbsp;&nbsp;&nbsp;&nbsp;&nbsp;&nbsp;&nbsp;&nbsp;&nbsp;&nbsp;&nbsp;&nbsp;&nbsp;&nbsp;&nbsp;&nbsp;&nbsp;&nbsp;&nbsp;&nbsp;&nbsp;&nbsp;&nbsp;&nbsp;&nbsp;&nbsp;&nbsp;&nbsp;&nbsp;&nbsp;&nbsp;&nbsp;&nbsp;&nbsp;&nbsp;Fassung Januar 2021 VertragsgegenstandDie Suprino GmbH verkauft Lebensmittel und andere G\u00fcter (frisch, gek\u00fchlt oder tiefgek\u00fchlt) zu den nachstehenden Allgemeinen Gesch\u00e4ftsbedingungen (nachstehend AGB). Einkauf und Freigabe Die Suprino GmbH bestellt und kauft Waren mit Zahlungskondition von 30 Tage nach Freigabe durch die Qualit\u00e4tssicherung der Suprino GmbH , welche sp\u00e4testens 7 Tage nach<a class=\"more-link\" href=\"https:\/\/suprino.ch\/index.php\/allgemeine-geschaftsbedingungen\/\">Continue reading <span class=\"screen-reader-text\">&#8220;Allgemeine Gesch\u00e4ftsbedingungen&#8221;<\/span><\/a><\/p>\n","protected":false},"author":1,"featured_media":0,"parent":0,"menu_order":0,"comment_status":"closed","ping_status":"closed","template":"","meta":{"om_disable_all_campaigns":false,"_monsterinsights_skip_tracking":false,"_monsterinsights_sitenote_active":false,"_monsterinsights_sitenote_note":"","_monsterinsights_sitenote_category":0},"_links":{"self":[{"href":"https:\/\/suprino.ch\/index.php\/wp-json\/wp\/v2\/pages\/19"}],"collection":[{"href":"https:\/\/suprino.ch\/index.php\/wp-json\/wp\/v2\/pages"}],"about":[{"href":"https:\/\/suprino.ch\/index.php\/wp-json\/wp\/v2\/types\/page"}],"author":[{"embeddable":true,"href":"https:\/\/suprino.ch\/index.php\/wp-json\/wp\/v2\/users\/1"}],"replies":[{"embeddable":true,"href":"https:\/\/suprino.ch\/index.php\/wp-json\/wp\/v2\/comments?post=19"}],"version-history":[{"count":5,"href":"https:\/\/suprino.ch\/index.php\/wp-json\/wp\/v2\/pages\/19\/revisions"}],"predecessor-version":[{"id":54,"href":"https:\/\/suprino.ch\/index.php\/wp-json\/wp\/v2\/pages\/19\/revisions\/54"}],"wp:attachment":[{"href":"https:\/\/suprino.ch\/index.php\/wp-json\/wp\/v2\/media?parent=19"}],"curies":[{"name":"wp","href":"https:\/\/api.w.org\/{rel}","templated":true}]}}